{"id":34,"date":"2025-02-05T11:02:38","date_gmt":"2025-02-05T11:02:38","guid":{"rendered":"https:\/\/christhousebronx.org\/over-ons\/"},"modified":"2025-02-05T13:01:09","modified_gmt":"2025-02-05T13:01:09","slug":"over-ons","status":"publish","type":"page","link":"https:\/\/christhousebronx.org\/ro\/over-ons\/","title":{"rendered":"Despre noi"},"content":{"rendered":"<p>Blogul nostru este ghidul t\u0103u pentru inspira\u021bie \u00een mod\u0103, sfaturi de stil \u0219i tot ce \u021bine de mod\u0103. Oferim sfaturi practice, cele mai recente tendin\u021be \u0219i idei elegante pentru a te ajuta s\u0103-\u021bi descoperi propriul look unic. Fie c\u0103 e\u0219ti \u00een c\u0103utarea unor haine pentru un eveniment special, sfaturi de stil sezonier sau doar inspira\u021bie pentru \u021binutele tale de zi cu zi, te avem acoperit.<\/p>\n<p>La ChristhouseBronx, credem c\u0103 moda este mai mult dec\u00e2t o simpl\u0103 \u00eembr\u0103c\u0103minte; este o modalitate de a te exprima \u0219i de a-\u021bi construi \u00eencrederea \u00een tine. Produsele noastre sunt concepute pentru a te ajuta s\u0103-\u021bi \u00eembr\u0103\u021bi\u0219ezi stilul personal \u0219i s\u0103 exprimi cine e\u0219ti.<\/p>\n<p><img decoding=\"async\" class=\"aligncenter wp-image-33 size-full\" src=\"https:\/\/christhousebronx.org\/wp-content\/uploads\/2025\/02\/muzhskoj-shopping-v-torgovom-czentre.jpg\" alt=\"\" width=\"612\" height=\"408\" srcset=\"https:\/\/christhousebronx.org\/wp-content\/uploads\/2025\/02\/muzhskoj-shopping-v-torgovom-czentre.jpg 612w, https:\/\/christhousebronx.org\/wp-content\/uploads\/2025\/02\/muzhskoj-shopping-v-torgovom-czentre-300x200.jpg 300w\" sizes=\"(max-width: 612px) 100vw, 612px\" \/><\/p>\n<h2>La ce v\u0103 pute\u021bi a\u0219tepta:<\/h2>\n<ul>\n<li>Cele mai recente inspira\u021bii \u0219i tendin\u021be \u00een mod\u0103.<\/li>\n<li>Sfaturi practice de stil pentru fiecare ocazie.<\/li>\n<li>Ghiduri pentru crearea unei garderobe versatile.<\/li>\n<li>Sfaturi pentru combinarea hainelor \u0219i accesoriilor.<\/li>\n<li>Perspective asupra modei sustenabile \u0219i a alegerilor etice.<\/li>\n<\/ul>","protected":false},"excerpt":{"rendered":"<p>Blogul nostru este ghidul t\u0103u pentru inspira\u021bie \u00een mod\u0103, sfaturi de stil \u0219i tot ce \u021bine de mod\u0103. Oferim sfaturi practice, cele mai recente tendin\u021be \u0219i idei elegante...<\/p>","protected":false},"author":1,"featured_media":0,"parent":0,"menu_order":0,"comment_status":"closed","ping_status":"closed","template":"","meta":{"_acf_changed":false,"footnotes":""},"class_list":["post-34","page","type-page","status-publish","hentry"],"acf":[],"yoast_head":"<!-- This site is optimized with the Yoast SEO plugin v23.2 - https:\/\/yoast.com\/wordpress\/plugins\/seo\/ -->\n<title>Over Ons - Mode-inspiratie en Stijltips voor Jouw Unieke Look<\/title>\n<meta name=\"description\" content=\"Ontdek de laatste mode, stijladvies en inspiratie op ChristhouseBronx. Vind de perfecte look voor elke gelegenheid!\" \/>\n<meta name=\"robots\" content=\"index, follow, max-snippet:-1, max-image-preview:large, max-video-preview:-1\" \/>\n<link rel=\"canonical\" href=\"https:\/\/christhousebronx.org\/ro\/over-ons\/\" \/>\n<meta property=\"og:locale\" content=\"ro_RO\" \/>\n<meta property=\"og:type\" content=\"article\" \/>\n<meta property=\"og:title\" content=\"Over Ons - Mode-inspiratie en Stijltips voor Jouw Unieke Look\" \/>\n<meta property=\"og:description\" content=\"Ontdek de laatste mode, stijladvies en inspiratie op ChristhouseBronx. Vind de perfecte look voor elke gelegenheid!\" \/>\n<meta property=\"og:url\" content=\"https:\/\/christhousebronx.org\/ro\/over-ons\/\" \/>\n<meta property=\"og:site_name\" content=\"christhousebronx.org\" \/>\n<meta property=\"article:modified_time\" content=\"2025-02-05T13:01:09+00:00\" \/>\n<meta property=\"og:image\" content=\"https:\/\/christhousebronx.org\/wp-content\/uploads\/2025\/02\/muzhskoj-shopping-v-torgovom-czentre.jpg\" \/>\n<meta name=\"twitter:card\" content=\"summary_large_image\" \/>\n<meta name=\"twitter:label1\" content=\"Timp estimat pentru citire\" \/>\n\t<meta name=\"twitter:data1\" content=\"2 minute\" \/>\n<script type=\"application\/ld+json\" class=\"yoast-schema-graph\">{\"@context\":\"https:\/\/schema.org\",\"@graph\":[{\"@type\":\"WebPage\",\"@id\":\"https:\/\/christhousebronx.org\/over-ons\/\",\"url\":\"https:\/\/christhousebronx.org\/over-ons\/\",\"name\":\"Over Ons - Mode-inspiratie en Stijltips voor Jouw Unieke Look\",\"isPartOf\":{\"@id\":\"https:\/\/christhousebronx.org\/#website\"},\"primaryImageOfPage\":{\"@id\":\"https:\/\/christhousebronx.org\/over-ons\/#primaryimage\"},\"image\":{\"@id\":\"https:\/\/christhousebronx.org\/over-ons\/#primaryimage\"},\"thumbnailUrl\":\"https:\/\/christhousebronx.org\/wp-content\/uploads\/2025\/02\/muzhskoj-shopping-v-torgovom-czentre.jpg\",\"datePublished\":\"2025-02-05T11:02:38+00:00\",\"dateModified\":\"2025-02-05T13:01:09+00:00\",\"description\":\"Ontdek de laatste mode, stijladvies en inspiratie op ChristhouseBronx. Vind de perfecte look voor elke gelegenheid!\",\"breadcrumb\":{\"@id\":\"https:\/\/christhousebronx.org\/over-ons\/#breadcrumb\"},\"inLanguage\":\"ro-RO\",\"potentialAction\":[{\"@type\":\"ReadAction\",\"target\":[\"https:\/\/christhousebronx.org\/over-ons\/\"]}]},{\"@type\":\"ImageObject\",\"inLanguage\":\"ro-RO\",\"@id\":\"https:\/\/christhousebronx.org\/over-ons\/#primaryimage\",\"url\":\"https:\/\/christhousebronx.org\/wp-content\/uploads\/2025\/02\/muzhskoj-shopping-v-torgovom-czentre.jpg\",\"contentUrl\":\"https:\/\/christhousebronx.org\/wp-content\/uploads\/2025\/02\/muzhskoj-shopping-v-torgovom-czentre.jpg\"},{\"@type\":\"BreadcrumbList\",\"@id\":\"https:\/\/christhousebronx.org\/over-ons\/#breadcrumb\",\"itemListElement\":[{\"@type\":\"ListItem\",\"position\":1,\"name\":\"Home\",\"item\":\"https:\/\/christhousebronx.org\/\"},{\"@type\":\"ListItem\",\"position\":2,\"name\":\"Over ons\"}]},{\"@type\":\"WebSite\",\"@id\":\"https:\/\/christhousebronx.org\/#website\",\"url\":\"https:\/\/christhousebronx.org\/\",\"name\":\"christhousebronx.org\",\"description\":\"Mode en kleding: ontdek de nieuwste trends en stijlen\",\"potentialAction\":[{\"@type\":\"SearchAction\",\"target\":{\"@type\":\"EntryPoint\",\"urlTemplate\":\"https:\/\/christhousebronx.org\/?s={search_term_string}\"},\"query-input\":\"required name=search_term_string\"}],\"inLanguage\":\"ro-RO\"}]}<\/script>\n<!-- \/ Yoast SEO plugin. -->","yoast_head_json":{"title":"Over Ons - Mode-inspiratie en Stijltips voor Jouw Unieke Look","description":"Ontdek de laatste mode, stijladvies en inspiratie op ChristhouseBronx. Vind de perfecte look voor elke gelegenheid!","robots":{"index":"index","follow":"follow","max-snippet":"max-snippet:-1","max-image-preview":"max-image-preview:large","max-video-preview":"max-video-preview:-1"},"canonical":"https:\/\/christhousebronx.org\/ro\/over-ons\/","og_locale":"ro_RO","og_type":"article","og_title":"Over Ons - Mode-inspiratie en Stijltips voor Jouw Unieke Look","og_description":"Ontdek de laatste mode, stijladvies en inspiratie op ChristhouseBronx. Vind de perfecte look voor elke gelegenheid!","og_url":"https:\/\/christhousebronx.org\/ro\/over-ons\/","og_site_name":"christhousebronx.org","article_modified_time":"2025-02-05T13:01:09+00:00","og_image":[{"url":"https:\/\/christhousebronx.org\/wp-content\/uploads\/2025\/02\/muzhskoj-shopping-v-torgovom-czentre.jpg"}],"twitter_card":"summary_large_image","twitter_misc":{"Timp estimat pentru citire":"2 minute"},"schema":{"@context":"https:\/\/schema.org","@graph":[{"@type":"WebPage","@id":"https:\/\/christhousebronx.org\/over-ons\/","url":"https:\/\/christhousebronx.org\/over-ons\/","name":"Over Ons - Mode-inspiratie en Stijltips voor Jouw Unieke Look","isPartOf":{"@id":"https:\/\/christhousebronx.org\/#website"},"primaryImageOfPage":{"@id":"https:\/\/christhousebronx.org\/over-ons\/#primaryimage"},"image":{"@id":"https:\/\/christhousebronx.org\/over-ons\/#primaryimage"},"thumbnailUrl":"https:\/\/christhousebronx.org\/wp-content\/uploads\/2025\/02\/muzhskoj-shopping-v-torgovom-czentre.jpg","datePublished":"2025-02-05T11:02:38+00:00","dateModified":"2025-02-05T13:01:09+00:00","description":"Ontdek de laatste mode, stijladvies en inspiratie op ChristhouseBronx. Vind de perfecte look voor elke gelegenheid!","breadcrumb":{"@id":"https:\/\/christhousebronx.org\/over-ons\/#breadcrumb"},"inLanguage":"ro-RO","potentialAction":[{"@type":"ReadAction","target":["https:\/\/christhousebronx.org\/over-ons\/"]}]},{"@type":"ImageObject","inLanguage":"ro-RO","@id":"https:\/\/christhousebronx.org\/over-ons\/#primaryimage","url":"https:\/\/christhousebronx.org\/wp-content\/uploads\/2025\/02\/muzhskoj-shopping-v-torgovom-czentre.jpg","contentUrl":"https:\/\/christhousebronx.org\/wp-content\/uploads\/2025\/02\/muzhskoj-shopping-v-torgovom-czentre.jpg"},{"@type":"BreadcrumbList","@id":"https:\/\/christhousebronx.org\/over-ons\/#breadcrumb","itemListElement":[{"@type":"ListItem","position":1,"name":"Home","item":"https:\/\/christhousebronx.org\/"},{"@type":"ListItem","position":2,"name":"Over ons"}]},{"@type":"WebSite","@id":"https:\/\/christhousebronx.org\/#website","url":"https:\/\/christhousebronx.org\/","name":"christhousebronx.org","description":"Mode en kleding: ontdek de nieuwste trends en stijlen","potentialAction":[{"@type":"SearchAction","target":{"@type":"EntryPoint","urlTemplate":"https:\/\/christhousebronx.org\/?s={search_term_string}"},"query-input":"required name=search_term_string"}],"inLanguage":"ro-RO"}]}},"yoast_meta":{"yoast_wpseo_title":"","yoast_wpseo_metadesc":"","yoast_wpseo_canonical":"https:\/\/christhousebronx.org\/ro\/wp-json\/wp\/v2\/pages\/34"},"_links":{"self":[{"href":"https:\/\/christhousebronx.org\/ro\/wp-json\/wp\/v2\/pages\/34","targetHints":{"allow":["GET"]}}],"collection":[{"href":"https:\/\/christhousebronx.org\/ro\/wp-json\/wp\/v2\/pages"}],"about":[{"href":"https:\/\/christhousebronx.org\/ro\/wp-json\/wp\/v2\/types\/page"}],"author":[{"embeddable":true,"href":"https:\/\/christhousebronx.org\/ro\/wp-json\/wp\/v2\/users\/1"}],"replies":[{"embeddable":true,"href":"https:\/\/christhousebronx.org\/ro\/wp-json\/wp\/v2\/comments?post=34"}],"version-history":[{"count":1,"href":"https:\/\/christhousebronx.org\/ro\/wp-json\/wp\/v2\/pages\/34\/revisions"}],"predecessor-version":[{"id":42,"href":"https:\/\/christhousebronx.org\/ro\/wp-json\/wp\/v2\/pages\/34\/revisions\/42"}],"wp:attachment":[{"href":"https:\/\/christhousebronx.org\/ro\/wp-json\/wp\/v2\/media?parent=34"}],"curies":[{"name":"wp","href":"https:\/\/api.w.org\/{rel}","templated":true}]}}